{"id":4,"date":"2014-11-08T22:25:32","date_gmt":"2014-11-08T20:25:32","guid":{"rendered":"http:\/\/www.danielisverlag.de\/wordpress\/?page_id=4"},"modified":"2014-11-09T19:58:42","modified_gmt":"2014-11-09T17:58:42","slug":"ueber-uns","status":"publish","type":"page","link":"https:\/\/www.danielisverlag.de\/?page_id=4","title":{"rendered":"\u00dcber uns"},"content":{"rendered":"<p>Der Danielis Verlag wurde im Jahr 2001 von Pfarrer em. Ekkehard Edel gegr\u00fcndet. Er verlegte B\u00fccher mit katholischen Inhalten sowie mit charismatischen Schwerpunkten. Zum 1. Januar 2010 \u00fcbertrug er seinen Verlag an Beatrix Zureich, die sich ebenfalls in der Evangelisation engagiert. Die im Danielis Verlag publizierten Titel sollen dazu beitragen, das &#8222;Feuer&#8220; des Glaubens in den Herzen der Christen von heute neu zu entfachen, damit durch die Liebe zu Jesus Christus und das Vertrauen auf Gottes Beistand und Hilfe das Leben vieler Menschen und der ganzen christlichen Gesellschaft erneuert werden.<\/p>\n<p>Das Wirken und die Leser des Verlags empfehlen wir besonders der F\u00fcrbitte des Heiligen Geistes, des Propheten Daniel, der heiligen Elena Guerra, des heiligen Johannes Franz R\u00e9gis und des heiligen Fintan von Rheinau.<\/p>\n","protected":false},"excerpt":{"rendered":"<p>Der Danielis Verlag wurde im Jahr 2001 von Pfarrer em. Ekkehard Edel gegr\u00fcndet. Er verlegte B\u00fccher mit katholischen Inhalten sowie mit charismatischen Schwerpunkten. Zum 1. Januar 2010 \u00fcbertrug er seinen Verlag an Beatrix Zureich, die sich ebenfalls in der Evangelisation engagiert. Die im Danielis Verlag publizierten Titel sollen dazu beitragen, das &#8222;Feuer&#8220; des Glaubens in [&hellip;]<\/p>\n","protected":false},"author":1,"featured_media":0,"parent":0,"menu_order":0,"comment_status":"closed","ping_status":"closed","template":"page-templates\/front-page.php","meta":{"footnotes":""},"class_list":["post-4","page","type-page","status-publish","hentry"],"_links":{"self":[{"href":"https:\/\/www.danielisverlag.de\/index.php?rest_route=\/wp\/v2\/pages\/4","targetHints":{"allow":["GET"]}}],"collection":[{"href":"https:\/\/www.danielisverlag.de\/index.php?rest_route=\/wp\/v2\/pages"}],"about":[{"href":"https:\/\/www.danielisverlag.de\/index.php?rest_route=\/wp\/v2\/types\/page"}],"author":[{"embeddable":true,"href":"https:\/\/www.danielisverlag.de\/index.php?rest_route=\/wp\/v2\/users\/1"}],"replies":[{"embeddable":true,"href":"https:\/\/www.danielisverlag.de\/index.php?rest_route=%2Fwp%2Fv2%2Fcomments&post=4"}],"version-history":[{"count":2,"href":"https:\/\/www.danielisverlag.de\/index.php?rest_route=\/wp\/v2\/pages\/4\/revisions"}],"predecessor-version":[{"id":14,"href":"https:\/\/www.danielisverlag.de\/index.php?rest_route=\/wp\/v2\/pages\/4\/revisions\/14"}],"wp:attachment":[{"href":"https:\/\/www.danielisverlag.de\/index.php?rest_route=%2Fwp%2Fv2%2Fmedia&parent=4"}],"curies":[{"name":"wp","href":"https:\/\/api.w.org\/{rel}","templated":true}]}}