{"id":8,"date":"2014-11-08T22:26:46","date_gmt":"2014-11-08T20:26:46","guid":{"rendered":"http:\/\/www.danielisverlag.de\/wordpress\/?page_id=8"},"modified":"2021-09-04T18:04:59","modified_gmt":"2021-09-04T16:04:59","slug":"impressum","status":"publish","type":"page","link":"https:\/\/www.danielisverlag.de\/?page_id=8","title":{"rendered":"Impressum"},"content":{"rendered":"<p>Danielis Verlag e.K.<br \/>\nBeatrix Zureich<br \/>\nPoststrasse 42<br \/>\n8462 Rheinau, Schweiz<br \/>\nwww.danielisverlag.de<br \/>\n<a href=\"mailto:info@danielisverlag.de\">info@danielisverlag.de<\/a><\/p>\n<h2>Datenschutzerkl\u00e4rung<\/h2>\n<p>1) Information \u00fcber die Erhebung personenbezogener Daten und Kontaktdaten<br \/>\ndes Verantwortlichen<br \/>\n1.1 Wir freuen uns, dass Sie unsere Website besuchen und bedanken uns f\u00fcr<br \/>\nIhr Interesse. Im Folgenden informieren wir Sie \u00fcber den Umgang mit Ihren<br \/>\npersonenbezogenen Daten bei Nutzung unserer Website. Personenbezogene<br \/>\nDaten sind hierbei alle Daten, mit denen Sie pers\u00f6nlich identifiziert<br \/>\nwerden k\u00f6nnen.<br \/>\n1.2 Verantwortlicher f\u00fcr die Datenverarbeitung auf dieser Website im Sinne<br \/>\nder Datenschutz-Grundverordnung (DSGVO) ist Beatrix Zureich, Danielis<br \/>\nVerlag e.K., 8462 Rheinau, Schweiz, E-Mail: <a href=\"mailto:info@danielisverlag.de\">info@danielisverlag.de<\/a>. Der f\u00fcr die<br \/>\nVerarbeitung von personenbezogenen Daten Verantwortliche ist diejenige nat\u00fcrliche<br \/>\noder juristische Person, die allein oder gemeinsam mit anderen \u00fcber die Zwecke<br \/>\nund Mittel der Verarbeitung von personenbezogenen Daten entscheidet.<br \/>\n1.3 Diese Website nutzt aus Sicherheitsgr\u00fcnden und zum Schutz der<br \/>\n\u00dcbertragung personenbezogene Daten und anderer vertraulicher Inhalte (z.B.<br \/>\nBestellungen oder Anfragen an den Verantwortlichen) eine SSL-bzw.<br \/>\nTLS-Verschl\u00fcsselung. Sie k\u00f6nnen eine verschl\u00fcsselte Verbindung an der<br \/>\nZeichenfolge \u201e<a href=\"https:\/\/xn--hvg\/\">https:\/\/\u201c<\/a> und dem Schloss-Symbol in Ihrer Browserzeile<br \/>\nerkennen.<\/p>\n<p>2) Datenerfassung beim Besuch unserer Website<br \/>\nBei der blo\u00df informatorischen Nutzung unserer Website, also wenn Sie sich<br \/>\nnicht registrieren oder uns anderweitig Informationen \u00fcbermitteln, erheben<br \/>\nwir nur solche Daten, die Ihr Browser an unseren Server \u00fcbermittelt (sog.<br \/>\n\u201eServer-Logfiles\u201c). Wenn Sie unsere Website aufrufen, erheben wir die<br \/>\nfolgenden Daten, die f\u00fcr uns technisch erforderlich sind, um Ihnen die<br \/>\nWebsite anzuzeigen:<br \/>\n&#8211; Unsere besuchte Website<br \/>\n&#8211; Datum und Uhrzeit zum Zeitpunkt des Zugriffes<br \/>\n&#8211; Menge der gesendeten Daten in Byte<br \/>\n&#8211; Quelle\/Verweis, von welchem Sie auf die Seite gelangten<br \/>\n&#8211; Verwendeter Browser<br \/>\n&#8211; Verwendetes Betriebssystem<br \/>\n&#8211; Verwendete IP-Adresse (ggf.: in anonymisierter Form)<br \/>\nDie Verarbeitung erfolgt gem\u00e4\u00df Art. 6 Abs. 1 lit. f DSGVO auf Basis<br \/>\nunseres berechtigten Interesses an der Verbesserung der Stabilit\u00e4t und<br \/>\nFunktionalit\u00e4t unserer Website. Eine Weitergabe oder anderweitige<br \/>\nVerwendung der Daten findet nicht statt. Wir behalten uns allerdings vor,<br \/>\ndie Server-Logfiles nachtr\u00e4glich zu \u00fcberpr\u00fcfen, sollten konkrete<br \/>\nAnhaltspunkte auf eine rechtswidrige Nutzung hinweisen.<\/p>\n<p>3) Cookies<br \/>\nUm den Besuch unserer Website attraktiv zu gestalten und die Nutzung<br \/>\nbestimmter Funktionen zu erm\u00f6glichen, verwenden wir auf verschiedenen<br \/>\nSeiten sogenannte Cookies. Hierbei handelt es sich um kleine Textdateien,<br \/>\ndie auf Ihrem Endger\u00e4t abgelegt werden. Einige der von uns verwendeten<br \/>\nCookies werden nach dem Ende der Browser-Sitzung, also nach Schlie\u00dfen<br \/>\nIhres Browsers, wieder gel\u00f6scht (sog. Sitzungs-Cookies). Andere Cookies<br \/>\nverbleiben auf Ihrem Endger\u00e4t und erm\u00f6glichen uns oder unseren<br \/>\nPartnerunternehmen (Cookies von Drittanbietern), Ihren Browser beim<br \/>\nn\u00e4chsten Besuch wiederzuerkennen (persistente Cookies). Werden Cookies<br \/>\ngesetzt, erheben und verarbeiten diese im individuellen Umfang bestimmte<br \/>\nNutzerinformationen wie Browser- und Standortdaten sowie IP-Adresswerte.<br \/>\nPersistente Cookies werden automatisiert nach einer vorgegebenen Dauer<br \/>\ngel\u00f6scht, die sich je nach Cookie unterscheiden kann.<br \/>\nSofern durch einzelne von uns implementierte Cookies auch personenbezogene<br \/>\nDaten verarbeitet werden, erfolgt die Verarbeitung gem\u00e4\u00df Art. 6 Abs. 1<br \/>\nlit. f DSGVO zur Wahrung unserer berechtigten Interessen an der<br \/>\nbestm\u00f6glichen Funktionalit\u00e4t der Website sowie einer kundenfreundlichen<br \/>\nund effektiven Ausgestaltung des Seitenbesuchs.<br \/>\nWir arbeiten unter Umst\u00e4nden mit Werbepartnern zusammen, die uns helfen,<br \/>\nunser Internetangebot f\u00fcr Sie interessanter zu gestalten. Zu diesem Zweck<br \/>\nwerden f\u00fcr diesen Fall bei Ihrem Besuch unserer Website auch Cookies von<br \/>\nPartnerunternehmen auf Ihrer Festplatte gespeichert (Cookies von<br \/>\nDrittanbietern). Wenn wir mit vorbenannten Werbepartnern zusammenarbeiten,<br \/>\nwerden Sie \u00fcber den Einsatz derartiger Cookies und den Umfang der jeweils<br \/>\nerhobenen Informationen innerhalb der nachstehenden Abs\u00e4tze individuell<br \/>\nund gesondert informiert.<br \/>\nBitte beachten Sie, dass Sie Ihren Browser so einstellen k\u00f6nnen, dass Sie<br \/>\n\u00fcber das Setzen von Cookies informiert werden und einzeln \u00fcber deren<br \/>\nAnnahme entscheiden oder die Annahme von Cookies f\u00fcr bestimmte F\u00e4lle oder<br \/>\ngenerell ausschlie\u00dfen k\u00f6nnen. Jeder Browser unterscheidet sich in der Art,<br \/>\nwie er die Cookie-Einstellungen verwaltet. Diese ist in dem Hilfemen\u00fc<br \/>\njedes Browsers beschrieben, welches Ihnen erl\u00e4utert, wie Sie Ihre<br \/>\nCookie-Einstellungen \u00e4ndern k\u00f6nnen. Diese finden Sie f\u00fcr die jeweiligen<br \/>\nBrowser unter den folgenden Links:<br \/>\nInternet Explorer:<br \/>\n<a href=\"http:\/\/windows.microsoft.com\/de-DE\/windows-vista\/Block-or-allow-cookies\">http:\/\/windows.microsoft.com\/de-DE\/windows-vista\/Block-or-allow-cookies<\/a><br \/>\nFirefox: <a href=\"https:\/\/support.mozilla.org\/de\/kb\/cookies-erlauben-und-ablehnen\">https:\/\/support.mozilla.org\/de\/kb\/cookies-erlauben-und-ablehnen<\/a><br \/>\nChrome:<br \/>\n<a href=\"http:\/\/support.google.com\/chrome\/bin\/answer.py?hl=de&amp;hlrm=en&amp;answer=95647\">http:\/\/support.google.com\/chrome\/bin\/answer.py?hl=de&amp;hlrm=en&amp;answer=95647<\/a><br \/>\nSafari: <a href=\"https:\/\/support.apple.com\/kb\/ph21411?locale=de_DE\">https:\/\/support.apple.com\/kb\/ph21411?locale=de_DE<\/a><br \/>\nOpera: <a href=\"http:\/\/help.opera.com\/Windows\/10.20\/de\/cookies.html\">http:\/\/help.opera.com\/Windows\/10.20\/de\/cookies.html<\/a><br \/>\nBitte beachten Sie, dass bei Nichtannahme von Cookies die Funktionalit\u00e4t<br \/>\nunserer Website eingeschr\u00e4nkt sein kann.<\/p>\n<p>4) Kontaktaufnahme<br \/>\nIm Rahmen der Kontaktaufnahme mit uns (z.B. per Kontaktformular oder<br \/>\nE-Mail) werden personenbezogene Daten erhoben. Welche Daten im Falle eines<br \/>\nKontaktformulars erhoben werden, ist aus dem jeweiligen Kontaktformular<br \/>\nersichtlich. Diese Daten werden ausschlie\u00dflich zum Zweck der Beantwortung<br \/>\nIhres Anliegens bzw. f\u00fcr die Kontaktaufnahme und die damit verbundene<br \/>\ntechnische Administration gespeichert und verwendet. Rechtsgrundlage f\u00fcr<br \/>\ndie Verarbeitung der Daten ist unser berechtigtes Interesse an der<br \/>\nBeantwortung Ihres Anliegens gem\u00e4\u00df Art. 6 Abs. 1 lit. f DSGVO. Zielt Ihre<br \/>\nKontaktierung auf den Abschluss eines Vertrages ab, so ist zus\u00e4tzliche<br \/>\nRechtsgrundlage f\u00fcr die Verarbeitung Art. 6 Abs. 1 lit. b DSGVO. Ihre<br \/>\nDaten werden nach abschlie\u00dfender Bearbeitung Ihrer Anfrage gel\u00f6scht, dies<br \/>\nist der Fall, wenn sich aus den Umst\u00e4nden entnehmen l\u00e4sst, dass der<br \/>\nbetroffene Sachverhalt abschlie\u00dfend gekl\u00e4rt ist und sofern keine<br \/>\ngesetzlichen Aufbewahrungspflichten entgegenstehen.<\/p>\n<p>5) Rechte des Betroffenen<br \/>\n5.1 Das geltende Datenschutzrecht gew\u00e4hrt Ihnen gegen\u00fcber dem<br \/>\nVerantwortlichen hinsichtlich der Verarbeitung Ihrer personenbezogenen<br \/>\nDaten umfassende Betroffenenrechte (Auskunfts- und Interventionsrechte),<br \/>\n\u00fcber die wir Sie nachstehend informieren:<br \/>\n&#8211; Auskunftsrecht gem\u00e4\u00df Art. 15 DSGVO: Sie haben insbesondere ein Recht auf<br \/>\nAuskunft \u00fcber Ihre von uns verarbeiteten personenbezogenen Daten, die<br \/>\nVerarbeitungszwecke, die Kategorien der verarbeiteten personenbezogenen<br \/>\nDaten, die Empf\u00e4nger oder Kategorien von Empf\u00e4ngern, gegen\u00fcber denen Ihre<br \/>\nDaten offengelegt wurden oder werden, die geplante Speicherdauer bzw. die<br \/>\nKriterien f\u00fcr die Festlegung der Speicherdauer, das Bestehen eines Rechts<br \/>\nauf Berichtigung, L\u00f6schung, Einschr\u00e4nkung der Verarbeitung, Widerspruch<br \/>\ngegen die Verarbeitung, Beschwerde bei einer Aufsichtsbeh\u00f6rde, die<br \/>\nHerkunft Ihrer Daten, wenn diese nicht durch uns bei Ihnen erhoben wurden,<br \/>\ndas Bestehen einer automatisierten Entscheidungsfindung einschlie\u00dflich<br \/>\nProfiling und ggf. aussagekr\u00e4ftige Informationen \u00fcber die involvierte<br \/>\nLogik und die Sie betreffende Tragweite und die angestrebten Auswirkungen<br \/>\neiner solchen Verarbeitung, sowie Ihr Recht auf Unterrichtung, welche<br \/>\nGarantien gem\u00e4\u00df Art. 46 DSGVO bei Weiterleitung Ihrer Daten in Drittl\u00e4nder<br \/>\nbestehen;<br \/>\n&#8211; Recht auf Berichtigung gem\u00e4\u00df Art. 16 DSGVO: Sie haben ein Recht auf<br \/>\nunverz\u00fcgliche Berichtigung Sie betreffender unrichtiger Daten und\/oder<br \/>\nVervollst\u00e4ndigung Ihrer bei uns gespeicherten unvollst\u00e4ndigen Daten;<br \/>\n&#8211; Recht auf L\u00f6schung gem\u00e4\u00df Art. 17 DSGVO: Sie haben das Recht, die<br \/>\nL\u00f6schung Ihrer personenbezogenen Daten bei Vorliegen der Voraussetzungen<br \/>\ndes Art. 17 Abs. 1 DSGVO zu verlangen. Dieses Recht besteht jedoch<br \/>\ninsbesondere dann nicht, wenn die Verarbeitung zur Aus\u00fcbung des Rechts auf<br \/>\nfreie Meinungs\u00e4u\u00dferung und Information, zur Erf\u00fcllung einer rechtlichen<br \/>\nVerpflichtung, aus Gr\u00fcnden des \u00f6ffentlichen Interesses oder zur<br \/>\nGeltendmachung, Aus\u00fcbung oder Verteidigung von Rechtsanspr\u00fcchen<br \/>\nerforderlich ist;<br \/>\n&#8211; Recht auf Einschr\u00e4nkung der Verarbeitung gem\u00e4\u00df Art. 18 DSGVO: Sie haben<br \/>\ndas Recht, die Einschr\u00e4nkung der Verarbeitung Ihrer personenbezogenen<br \/>\nDaten zu verlangen, solange die von Ihnen bestrittene Richtigkeit Ihrer<br \/>\nDaten \u00fcberpr\u00fcft wird, wenn Sie eine L\u00f6schung Ihrer Daten wegen<br \/>\nunzul\u00e4ssiger Datenverarbeitung ablehnen und stattdessen die Einschr\u00e4nkung<br \/>\nder Verarbeitung Ihrer Daten verlangen, wenn Sie Ihre Daten zur<br \/>\nGeltendmachung, Aus\u00fcbung oder Verteidigung von Rechtsanspr\u00fcchen ben\u00f6tigen,<br \/>\nnachdem wir diese Daten nach Zweckerreichung nicht mehr ben\u00f6tigen oder<br \/>\nwenn Sie Widerspruch aus Gr\u00fcnden Ihrer besonderen Situation eingelegt<br \/>\nhaben, solange noch nicht feststeht, ob unsere berechtigten Gr\u00fcnde<br \/>\n\u00fcberwiegen;<br \/>\n&#8211; Recht auf Unterrichtung gem\u00e4\u00df Art. 19 DSGVO: Haben Sie das Recht auf<br \/>\nBerichtigung, L\u00f6schung oder Einschr\u00e4nkung der Verarbeitung gegen\u00fcber dem<br \/>\nVerantwortlichen geltend gemacht, ist dieser verpflichtet, allen<br \/>\nEmpf\u00e4ngern, denen die Sie betreffenden personenbezogenen Daten offengelegt<br \/>\nwurden, diese Berichtigung oder L\u00f6schung der Daten oder Einschr\u00e4nkung der<br \/>\nVerarbeitung mitzuteilen, es sei denn, dies erweist sich als unm\u00f6glich<br \/>\noder ist mit einem unverh\u00e4ltnism\u00e4\u00dfigen Aufwand verbunden. Ihnen steht das<br \/>\nRecht zu, \u00fcber diese Empf\u00e4nger unterrichtet zu werden.<br \/>\n&#8211; Recht auf Daten\u00fcbertragbarkeit gem\u00e4\u00df Art. 20 DSGVO: Sie haben das Recht,<br \/>\nIhre personenbezogenen Daten, die Sie uns bereitgestellt haben, in einem<br \/>\nstrukturierten, g\u00e4ngigen und maschinenlesebaren Format zu erhalten oder<br \/>\ndie \u00dcbermittlung an einen anderen Verantwortlichen zu verlangen, soweit<br \/>\ndies technisch machbar ist;<br \/>\n&#8211; Recht auf Widerruf erteilter Einwilligungen gem\u00e4\u00df Art. 7 Abs. 3 DSGVO:<br \/>\nSie haben das Recht, eine einmal erteilte Einwilligung in die Verarbeitung<br \/>\nvon Daten jederzeit mit Wirkung f\u00fcr die Zukunft zu widerrufen. Im Falle<br \/>\ndes Widerrufs werden wir die betroffenen Daten unverz\u00fcglich l\u00f6schen,<br \/>\nsofern eine weitere Verarbeitung nicht auf eine Rechtsgrundlage zur<br \/>\neinwilligungslosen Verarbeitung gest\u00fctzt werden kann. Durch den Widerruf<br \/>\nder Einwilligung wird die Rechtm\u00e4\u00dfigkeit der aufgrund der Einwilligung bis<br \/>\nzum Widerruf erfolgten Verarbeitung nicht ber\u00fchrt;<br \/>\n&#8211; Recht auf Beschwerde gem\u00e4\u00df Art. 77 DSGVO: Wenn Sie der Ansicht sind,<br \/>\ndass die Verarbeitung der Sie betreffenden personenbezogenen Daten gegen<br \/>\ndie DSGVO verst\u00f6\u00dft, haben Sie &#8211; unbeschadet eines anderweitigen<br \/>\nverwaltungsrechtlichen oder gerichtlichen Rechtsbehelfs &#8211; das Recht auf<br \/>\nBeschwerde bei einer Aufsichtsbeh\u00f6rde, insbesondere in dem Mitgliedstaat<br \/>\nIhres Aufenthaltsortes, Ihres Arbeitsplatzes oder des Ortes des<br \/>\nmutma\u00dflichen Versto\u00dfes.<br \/>\n5.2 WIDERSPRUCHSRECHT<br \/>\nWENN WIR IM RAHMEN EINER INTERESSENABW\u00c4GUNG IHRE PERSONENBEZOGENEN DATEN<br \/>\nAUFGRUND UNSERES \u00dcBERWIEGENDEN BERECHTIGTEN INTERESSES VERARBEITEN, HABEN<br \/>\nSIE DAS JEDERZEITIGE RECHT, AUS GR\u00dcNDEN, DIE SICH AUS IHRER BESONDEREN<br \/>\nSITUATION ERGEBEN, GEGEN DIESE VERARBEITUNG WIDERSPRUCH MIT WIRKUNG F\u00dcR<br \/>\nDIE ZUKUNFT EINZULEGEN.<br \/>\nMACHEN SIE VON IHREM WIDERSPRUCHSRECHT GEBRAUCH, BEENDEN WIR DIE<br \/>\nVERARBEITUNG DER BETROFFENEN DATEN. EINE WEITERVERARBEITUNG BLEIBT ABER<br \/>\nVORBEHALTEN, WENN WIR ZWINGENDE SCHUTZW\u00dcRDIGE GR\u00dcNDE F\u00dcR DIE VERARBEITUNG<br \/>\nNACHWEISEN K\u00d6NNEN, DIE IHRE INTERESSEN, GRUNDRECHTE UND GRUNDFREIHEITEN<br \/>\n\u00dcBERWIEGEN, ODER WENN DIE VERARBEITUNG DER GELTENDMACHUNG, AUS\u00dcBUNG ODER<br \/>\nVERTEIDIGUNG VON RECHTSANSPR\u00dcCHEN DIENT.<br \/>\nWERDEN IHRE PERSONENBEZOGENEN DATEN VON UNS VERARBEITET, UM DIREKTWERBUNG<br \/>\nZU BETREIBEN, HABEN SIE DAS RECHT, JEDERZEIT WIDERSPRUCH GEGEN DIE<br \/>\nVERARBEITUNG SIE BETREFFENDER PERSONENBEZOGENER DATEN ZUM ZWECKE<br \/>\nDERARTIGER WERBUNG EINZULEGEN. SIE K\u00d6NNEN DEN WIDERSPRUCH WIE OBEN<br \/>\nBESCHRIEBEN AUS\u00dcBEN.<br \/>\nMACHEN SIE VON IHREM WIDERSPRUCHSRECHT GEBRAUCH, BEENDEN WIR DIE<br \/>\nVERARBEITUNG DER BETROFFENEN DATEN ZU DIREKTWERBEZWECKEN.<\/p>\n<p>6) Dauer der Speicherung personenbezogener Daten<br \/>\nDie Dauer der Speicherung von personenbezogenen Daten bemisst sich anhand<br \/>\nder jeweiligen gesetzlichen Aufbewahrungsfrist (z.B. handels- und<br \/>\nsteuerrechtliche Aufbewahrungsfristen). Nach Ablauf der Frist werden die<br \/>\nentsprechenden Daten routinem\u00e4\u00dfig gel\u00f6scht, sofern sie nicht mehr zur<br \/>\nVertragserf\u00fcllung oder Vertragsanbahnung erforderlich sind und\/oder<br \/>\nunsererseits kein berechtigtes Interesse an der Weiterspeicherung<br \/>\nfortbesteht.<\/p>\n","protected":false},"excerpt":{"rendered":"<p>Danielis Verlag e.K. Beatrix Zureich Poststrasse 42 8462 Rheinau, Schweiz www.danielisverlag.de info@danielisverlag.de Datenschutzerkl\u00e4rung 1) Information \u00fcber die Erhebung personenbezogener Daten und Kontaktdaten des Verantwortlichen 1.1 Wir freuen uns, dass Sie unsere Website besuchen und bedanken uns f\u00fcr Ihr Interesse. Im Folgenden informieren wir Sie \u00fcber den Umgang mit Ihren personenbezogenen Daten bei Nutzung unserer Website. [&hellip;]<\/p>\n","protected":false},"author":1,"featured_media":0,"parent":0,"menu_order":0,"comment_status":"closed","ping_status":"closed","template":"page-templates\/front-page.php","meta":{"footnotes":""},"class_list":["post-8","page","type-page","status-publish","hentry"],"_links":{"self":[{"href":"https:\/\/www.danielisverlag.de\/index.php?rest_route=\/wp\/v2\/pages\/8","targetHints":{"allow":["GET"]}}],"collection":[{"href":"https:\/\/www.danielisverlag.de\/index.php?rest_route=\/wp\/v2\/pages"}],"about":[{"href":"https:\/\/www.danielisverlag.de\/index.php?rest_route=\/wp\/v2\/types\/page"}],"author":[{"embeddable":true,"href":"https:\/\/www.danielisverlag.de\/index.php?rest_route=\/wp\/v2\/users\/1"}],"replies":[{"embeddable":true,"href":"https:\/\/www.danielisverlag.de\/index.php?rest_route=%2Fwp%2Fv2%2Fcomments&post=8"}],"version-history":[{"count":6,"href":"https:\/\/www.danielisverlag.de\/index.php?rest_route=\/wp\/v2\/pages\/8\/revisions"}],"predecessor-version":[{"id":239,"href":"https:\/\/www.danielisverlag.de\/index.php?rest_route=\/wp\/v2\/pages\/8\/revisions\/239"}],"wp:attachment":[{"href":"https:\/\/www.danielisverlag.de\/index.php?rest_route=%2Fwp%2Fv2%2Fmedia&parent=8"}],"curies":[{"name":"wp","href":"https:\/\/api.w.org\/{rel}","templated":true}]}}